{"id":183,"date":"2026-05-12T22:18:24","date_gmt":"2026-05-12T20:18:24","guid":{"rendered":"https:\/\/adelphiegraphe.fr\/?page_id=183"},"modified":"2026-05-13T07:33:55","modified_gmt":"2026-05-13T05:33:55","slug":"prestation","status":"publish","type":"page","link":"https:\/\/adelphiegraphe.fr\/index.php\/prestation\/","title":{"rendered":"Prestations propos\u00e9es"},"content":{"rendered":"\n<p class=\"has-contrast-color has-text-color has-link-color has-medium-font-size wp-elements-c8684bc2541caa647eb07606494463b5\">Retrouver ses anc\u00eatres, comprendre les trajectoires familiales, transmettre une m\u00e9moire&nbsp;: la g\u00e9n\u00e9alogie est bien plus qu\u2019un simple arbre de noms et de dates. J\u2019accompagne particuliers et familles dans leurs recherches g\u00e9n\u00e9alogiques avec une approche rigoureuse, document\u00e9e et humaine.<\/p>\n\n\n\n<div style=\"height:100px\" aria-hidden=\"true\" class=\"wp-block-spacer\"><\/div>\n\n\n\n<h2 class=\"wp-block-heading has-cormorant-garamond-font-family has-x-large-font-size\" style=\"font-style:normal;font-weight:400\">Je r\u00e9alise les recherches pour&nbsp;vous<\/h2>\n\n\n\n<h3 class=\"wp-block-heading has-text-align-center has-cormorant-garamond-font-family has-accent-3-color has-text-color has-link-color has-large-font-size wp-elements-4ece83ace3c694f141ceefef77ecf6b7\" style=\"margin-top:var(--wp--preset--spacing--50);font-style:normal;font-weight:700\">Recherches g\u00e9n\u00e9alogiques familiales<\/h3>\n\n\n\n<p class=\"has-contrast-color has-text-color has-link-color has-medium-font-size wp-elements-ad2597c236bfd461e2752aa9045c39ef\">Je r\u00e9alise des recherches personnalis\u00e9es pour reconstituer l\u2019histoire de votre famille \u00e0&nbsp;partir des archives publiques et priv\u00e9es&nbsp;:<\/p>\n\n\n\n<ul class=\"wp-block-list has-quicksand-font-family has-medium-font-size\">\n<li class=\"has-contrast-color has-text-color has-link-color wp-elements-b39f51ca60bcfd9ebf4cb41d06073b13\">recherche d\u2019ascendance (parents, grands-\u200bparents, lign\u00e9es anciennes)&nbsp;;<\/li>\n\n\n\n<li class=\"has-contrast-color has-text-color has-link-color wp-elements-b01cc6f99bbff1a107e02bc0474d2f22\">recherche de descendance (dans la mesure du possible)&nbsp;;<\/li>\n\n\n\n<li class=\"has-contrast-color has-text-color has-link-color wp-elements-c6ce258c5ce4bc25fdcb49cc2a192c56\">g\u00e9n\u00e9alogie patronymique ou compl\u00e8te&nbsp;;<\/li>\n\n\n\n<li class=\"has-contrast-color has-text-color has-link-color wp-elements-75915d2fe46dc41e7f63391f7175a6d1\">reconstitution de branches familiales&nbsp;;<\/li>\n\n\n\n<li class=\"has-contrast-color has-text-color has-link-color wp-elements-b9d62e143864f78643acf0ca09f45c0f\">v\u00e9rification et consolidation d\u2019un arbre d\u00e9j\u00e0 existant.<\/li>\n<\/ul>\n\n\n\n<p class=\"has-contrast-color has-text-color has-link-color has-medium-font-size wp-elements-998a7a177584c7fa94d0fa60c93c7405\">Chaque recherche s\u2019appuie sur des sources archivistiques v\u00e9rifi\u00e9es&nbsp;: \u00e9tat civil, registres paroissiaux, archives notariales, militaires, cadastrales ou recensements.<\/p>\n\n\n\n<h3 class=\"wp-block-heading has-text-align-center has-cormorant-garamond-font-family has-accent-3-color has-text-color has-link-color has-large-font-size wp-elements-7a1db25ed62dba45281fa9bf2c3f7a39\" style=\"margin-top:var(--wp--preset--spacing--50);font-style:normal;font-weight:700\">Biographies et r\u00e9cits familiaux<\/h3>\n\n\n\n<p class=\"has-contrast-color has-text-color has-link-color has-medium-font-size wp-elements-8c88b8dc6671f705e3268237b470737f\">Au-\u200bdel\u00e0 des filiations, je redonne vie aux parcours individuels&nbsp;:<\/p>\n\n\n\n<ul class=\"wp-block-list has-quicksand-font-family has-medium-font-size\">\n<li class=\"has-contrast-color has-text-color has-link-color wp-elements-9fdc93a1104dae9ac1f56cc85fe188b3\">biographies d\u2019anc\u00eatres&nbsp;;<\/li>\n\n\n\n<li class=\"has-contrast-color has-text-color has-link-color wp-elements-f8b86ee8205c985ffdb02d96a6a06ef0\">r\u00e9cits de famille&nbsp;;<\/li>\n\n\n\n<li class=\"has-contrast-color has-text-color has-link-color wp-elements-8391ff22459d9d8d285c5526b4f7d355\">contextualisation historique&nbsp;;<\/li>\n\n\n\n<li class=\"has-contrast-color has-text-color has-link-color wp-elements-3c58fd84055e75a03e1dbc00c0598d58\">mise en valeur des m\u00e9tiers, migrations et \u00e9v\u00e9nements marquants&nbsp;;<\/li>\n\n\n\n<li class=\"has-contrast-color has-text-color has-link-color wp-elements-7d1e24edb6e0f783b53b20b53d10ad5c\">r\u00e9daction d\u2019ouvrages familiaux.<\/li>\n<\/ul>\n\n\n\n<p class=\"has-contrast-color has-text-color has-link-color has-medium-font-size wp-elements-177cf37280a2579307e552c332da58e6\">L\u2019objectif est de transformer les archives en une histoire vivante et transmissible aux g\u00e9n\u00e9rations futures.<\/p>\n\n\n\n<h3 class=\"wp-block-heading has-text-align-center has-cormorant-garamond-font-family has-accent-3-color has-text-color has-link-color has-large-font-size wp-elements-86f5ab24155e91e8126c709187cd8c02\" style=\"margin-top:var(--wp--preset--spacing--50);font-style:normal;font-weight:700\">Histoire des maisons et patrimoines familiaux ou commerciaux<\/h3>\n\n\n\n<p class=\"has-contrast-color has-text-color has-link-color has-medium-font-size wp-elements-782ff024873fdc97cc4a07b98ac13980\">Je peux \u00e9galement retracer l\u2019histoire d\u2019un lieu li\u00e9 \u00e0&nbsp;votre famille&nbsp;:<\/p>\n\n\n\n<ul class=\"wp-block-list has-quicksand-font-family has-medium-font-size\">\n<li class=\"has-contrast-color has-text-color has-link-color wp-elements-1d5557d64f9bf6d6eec21035d495aeb4\">maisons anciennes&nbsp;;<\/li>\n\n\n\n<li class=\"has-contrast-color has-text-color has-link-color wp-elements-c958581a3b91a7cb6a7768e7e9f79791\">fermes et propri\u00e9t\u00e9s&nbsp;;<\/li>\n\n\n\n<li class=\"has-contrast-color has-text-color has-link-color wp-elements-ff751c0f64413b61354ddb6a080625d9\">transmission de&nbsp;biens&nbsp;;<\/li>\n\n\n\n<li class=\"has-contrast-color has-text-color has-link-color wp-elements-f43272b20ea246da8f4b62b899c90012\">\u00e9volution cadastrale&nbsp;;<\/li>\n\n\n\n<li class=\"has-contrast-color has-text-color has-link-color wp-elements-1485d681001c3b959ea5db2699fc5101\">occupants successifs.<\/li>\n<\/ul>\n\n\n\n<p class=\"has-contrast-color has-text-color has-link-color has-medium-font-size wp-elements-dc75ce09f91e89d76937da51d7d10895\">Ces recherches croisent archives fonci\u00e8res, cadastres, actes notari\u00e9s et documentation locale.<\/p>\n\n\n\n<div style=\"height:100px\" aria-hidden=\"true\" class=\"wp-block-spacer\"><\/div>\n\n\n\n<h2 class=\"wp-block-heading has-cormorant-garamond-font-family has-x-large-font-size\" style=\"font-style:normal;font-weight:400\">Je vous accompagne pour que vous r\u00e9alisiez vous-\u200bm\u00eame les recherches<\/h2>\n\n\n\n<h3 class=\"wp-block-heading has-text-align-center has-cormorant-garamond-font-family has-accent-3-color has-text-color has-link-color has-large-font-size wp-elements-1370b69d07e5d9974b575c983afe5cac\" style=\"margin-top:var(--wp--preset--spacing--50);font-style:normal;font-weight:700\">\u00c9tablissement de plans de recherche<\/h3>\n\n\n\n<p class=\"has-contrast-color has-text-color has-link-color has-medium-font-size wp-elements-3277276c9e01557a1bbcb2820f9e152a\">Je peux vous aider \u00e0&nbsp;\u00e9tablir un plan de recherche en archives&nbsp;:<\/p>\n\n\n\n<ul class=\"wp-block-list\">\n<li class=\"has-quicksand-font-family has-contrast-color has-text-color has-link-color has-medium-font-size wp-elements-95b596ba2f684ee57fed00d2e46b944f\">en vous orientant vers les services d\u2019archives comp\u00e9tents&nbsp;;<\/li>\n\n\n\n<li class=\"has-quicksand-font-family has-contrast-color has-text-color has-link-color has-medium-font-size wp-elements-3c172161c711a96d5427c2a2458b6dd3\">en identifiant pour vous les cotes susceptibles de contenir les informations que vous recherchez.<\/li>\n<\/ul>\n\n\n\n<h3 class=\"wp-block-heading has-text-align-center has-cormorant-garamond-font-family has-accent-3-color has-text-color has-link-color has-large-font-size wp-elements-792aa37856a53912ad6164a7b0785f7a\" style=\"margin-top:var(--wp--preset--spacing--50);font-style:normal;font-weight:700\">Prise en main d\u2019un logiciel de g\u00e9n\u00e9alogie<\/h3>\n\n\n\n<p class=\"has-quicksand-font-family has-contrast-color has-text-color has-link-color has-medium-font-size wp-elements-7951822808d5a121f06c3c12eadd3916\">Je vous propose de vous former \u00e0&nbsp;l\u2019utilisation de votre logiciel de g\u00e9n\u00e9alogie et vous accompagne dans la structuration de vos dossiers et documents.<\/p>\n\n\n\n<div style=\"height:100px\" aria-hidden=\"true\" class=\"wp-block-spacer\"><\/div>\n\n\n\n<h2 class=\"wp-block-heading has-cormorant-garamond-font-family has-x-large-font-size\" style=\"font-style:normal;font-weight:400\">Livrables et supports de restitution<\/h2>\n\n\n\n<p class=\"has-contrast-color has-text-color has-link-color has-medium-font-size wp-elements-0bd7468fd684f62f897a1637c25ce9be\">Les recherches peuvent \u00eatre remises sous diff\u00e9rentes formes&nbsp;:<\/p>\n\n\n\n<ul class=\"wp-block-list\">\n<li class=\"has-quicksand-font-family has-contrast-color has-text-color has-link-color has-medium-font-size wp-elements-c6450d4cf418fd001a29f802ac4f185e\">arbre g\u00e9n\u00e9alogique au format GEDCOM exploitable par tous les logiciels et sites de g\u00e9n\u00e9alogie&nbsp;;<\/li>\n\n\n\n<li class=\"has-quicksand-font-family has-contrast-color has-text-color has-link-color has-medium-font-size wp-elements-bf7a251a45f0544613e75513b8e30511\">dossier num\u00e9rique PDF&nbsp;;<\/li>\n\n\n\n<li class=\"has-quicksand-font-family has-contrast-color has-text-color has-link-color has-medium-font-size wp-elements-4d21a1aa325af2e94d03ff41bd8712fa\">copies num\u00e9ris\u00e9es des actes retrouv\u00e9s&nbsp;;<\/li>\n\n\n\n<li class=\"has-quicksand-font-family has-contrast-color has-text-color has-link-color has-medium-font-size wp-elements-63f08786315e2a0d16f3e3b68bb11af0\">supports destin\u00e9s \u00e0&nbsp;l\u2019impression ou \u00e0&nbsp;la transmission familiale.<\/li>\n<\/ul>\n\n\n\n<p class=\"has-contrast-color has-text-color has-link-color has-medium-font-size wp-elements-a7e9771c308b14501c8b6776e57d8adb\">Les prestations sont syst\u00e9matiquement \u00e9tablies sur devis, selon la complexit\u00e9 du dossier, le nombre de g\u00e9n\u00e9rations recherch\u00e9es et les \u00e9ventuels d\u00e9placements en archives.<\/p>\n\n\n\n<div style=\"height:100px\" aria-hidden=\"true\" class=\"wp-block-spacer\"><\/div>\n\n\n\n<h2 class=\"wp-block-heading has-cormorant-garamond-font-family has-x-large-font-size\" style=\"font-style:normal;font-weight:400\">Une d\u00e9marche fond\u00e9e sur la rigueur et la transmission<\/h2>\n\n\n\n<p class=\"is-style-default has-contrast-color has-text-color has-link-color has-medium-font-size wp-elements-cebca5d582dc94408204315d11061970\">Ce type de recherche ne peut \u00eatre que sur mesure, ce qui passe syst\u00e9matiquement par&nbsp;:<\/p>\n\n\n\n<ul class=\"wp-block-list\">\n<li class=\"has-quicksand-font-family has-contrast-color has-text-color has-link-color has-medium-font-size wp-elements-5107f8ce08fc603c952206547150a022\">un ou plusieurs entretiens pr\u00e9alables pour d\u00e9finir les objectifs&nbsp;;<\/li>\n\n\n\n<li class=\"has-quicksand-font-family has-contrast-color has-text-color has-link-color has-medium-font-size wp-elements-66bce545a83b36e7e38c2ac0895afc8e\">une transparence sur les possibilit\u00e9s r\u00e9elles de recherche&nbsp;;<\/li>\n\n\n\n<li class=\"has-quicksand-font-family has-contrast-color has-text-color has-link-color has-medium-font-size wp-elements-4fd455bc3df6ddbb1ba6b2f63d101c50\">un suivi r\u00e9gulier de l\u2019avancement&nbsp;;<\/li>\n\n\n\n<li class=\"has-quicksand-font-family has-contrast-color has-text-color has-link-color has-medium-font-size wp-elements-69a44f55560b090c05dca8e28f15f512\">une restitution claire et sourc\u00e9e.<\/li>\n<\/ul>\n\n\n\n<p class=\"is-style-default has-contrast-color has-text-color has-link-color has-medium-font-size wp-elements-267a86274ac20ea5908d11b15de6dc47\">Chaque projet g\u00e9n\u00e9alogique devient ainsi une enqu\u00eate historique au service de la m\u00e9moire familiale.<\/p>\n\n\n\n<div class=\"wp-block-buttons is-content-justification-center is-layout-flex wp-container-core-buttons-is-layout-bb659de6 wp-block-buttons-is-layout-flex\" style=\"margin-top:var(--wp--preset--spacing--50)\">\n<div class=\"wp-block-button is-style-outline is-style-outline--1\"><a class=\"wp-block-button__link has-text-color has-background has-link-color has-border-color has-quicksand-font-family has-custom-font-size wp-element-button\" href=\"https:\/\/adelphiegraphe.fr\/index.php\/contact\/\" style=\"border-color:#16424500;border-style:solid;border-width:2px;border-top-left-radius:2px;border-top-right-radius:2px;border-bottom-left-radius:2px;border-bottom-right-radius:2px;color:#ffffff;background-color:#234c66e8;padding-top:15px;padding-right:var(--wp--preset--spacing--30);padding-bottom:15px;padding-left:var(--wp--preset--spacing--30);font-size:0.65em;font-style:normal;font-weight:500;letter-spacing:1px;text-transform:uppercase\">Contactez-\u200bmoi<\/a><\/div>\n<\/div>\n","protected":false},"excerpt":{"rendered":"<p>Retrouver ses anc\u00eatres, comprendre les trajectoires familiales, transmettre une m\u00e9moire&nbsp;: la g\u00e9n\u00e9alogie est bien plus qu\u2019un simple arbre de noms et de dates. J\u2019accompagne particuliers et familles dans leurs recherches g\u00e9n\u00e9alogiques avec une approche rigoureuse, document\u00e9e et humaine. Je r\u00e9alise les recherches pour&nbsp;vous Recherches g\u00e9n\u00e9alogiques familiales Je r\u00e9alise des recherches personnalis\u00e9es pour reconstituer l\u2019histoire de&nbsp;[\u2026]<\/p>\n","protected":false},"author":2,"featured_media":0,"parent":0,"menu_order":0,"comment_status":"closed","ping_status":"closed","template":"","meta":{"wp_typography_post_enhancements_disabled":false,"footnotes":""},"class_list":["post-183","page","type-page","status-publish","hentry"],"_links":{"self":[{"href":"https:\/\/adelphiegraphe.fr\/index.php\/wp-json\/wp\/v2\/pages\/183","targetHints":{"allow":["GET"]}}],"collection":[{"href":"https:\/\/adelphiegraphe.fr\/index.php\/wp-json\/wp\/v2\/pages"}],"about":[{"href":"https:\/\/adelphiegraphe.fr\/index.php\/wp-json\/wp\/v2\/types\/page"}],"author":[{"embeddable":true,"href":"https:\/\/adelphiegraphe.fr\/index.php\/wp-json\/wp\/v2\/users\/2"}],"replies":[{"embeddable":true,"href":"https:\/\/adelphiegraphe.fr\/index.php\/wp-json\/wp\/v2\/comments?post=183"}],"version-history":[{"count":16,"href":"https:\/\/adelphiegraphe.fr\/index.php\/wp-json\/wp\/v2\/pages\/183\/revisions"}],"predecessor-version":[{"id":209,"href":"https:\/\/adelphiegraphe.fr\/index.php\/wp-json\/wp\/v2\/pages\/183\/revisions\/209"}],"wp:attachment":[{"href":"https:\/\/adelphiegraphe.fr\/index.php\/wp-json\/wp\/v2\/media?parent=183"}],"curies":[{"name":"wp","href":"https:\/\/api.w.org\/{rel}","templated":true}]}}